{"id":421,"date":"2018-06-07T03:30:51","date_gmt":"2018-06-07T03:30:51","guid":{"rendered":"http:\/\/otautahitattoo.devsite.net.nz\/queenstown\/?page_id=421"},"modified":"2025-07-31T01:16:09","modified_gmt":"2025-07-31T01:16:09","slug":"maori-tattoo-artist-queenstown","status":"publish","type":"page","link":"https:\/\/otautahitattoo.com\/queenstown\/our-team\/maori-tattoo-artist-queenstown\/","title":{"rendered":"Ren"},"content":{"rendered":"<div>\n<div>\n<p>Ren is a Ta Moko \u00a0(M\u0101ori) tattoo artist descending from Ng\u0101ti Kahungunu, Te Aup\u014duri, and Ng\u0101i Tahu. He completed a Bachelor of Arts at Manukau Institute of Technology and brings both cultural knowledge and technical skill to his craft.<\/p>\n<p>Ren specialises in Ta Moko and Polynesian tattooing, blending deep cultural meaning with a strong sense of visual storytelling. He\u2019s also known for his unique approach to realism, often incorporating Ta Moko patterns into detailed, striking designs.<\/p>\n<p>In addition to large-scale cultural work, Ren is one of our most in-demand fine line artists \u2014 highly regarded for his ability to create small or large intricate tattoos with precision and care.<\/p>\n<p>Check out more of his work on Instagram: <a href=\"https:\/\/www.instagram.com\/otautahitattooqueenstown\" target=\"_blank\" rel=\"noopener\" data-saferedirecturl=\"https:\/\/www.google.com\/url?q=https:\/\/www.instagram.com\/otautahitattooqueenstown&amp;source=gmail&amp;ust=1749873659454000&amp;usg=AOvVaw1vJgZpH-egVd256aabiQ6t\">@otautahitattooqueenstown<\/a><\/p>\n<p>To book or enquire about a tattoo with Ren, call us on 03 442 8883 or email <a href=\"mailto:queenstown@otautahitattoo.com\" target=\"_blank\" rel=\"noopener\">queenstown@otautahitattoo.com<\/a><\/p>\n<\/div>\n<div class=\"m_4256101431856230240gmail-crp_related\"><\/div>\n<\/div>\n<div class=\"m_4256101431856230240gmail-m_6937651380944282877gmail_signature\" dir=\"ltr\">\n<div dir=\"ltr\"><\/div>\n<\/div>\n","protected":false},"excerpt":{"rendered":"<p>Ren is a Ta Moko \u00a0(M\u0101ori) tattoo artist descending from Ng\u0101ti Kahungunu, Te Aup\u014duri, and Ng\u0101i Tahu. He completed a Bachelor of Arts at Manukau Institute of Technology and brings both cultural knowledge and technical skill to his craft. Ren specialises in Ta Moko and Polynesian tattooing, blending deep cultural meaning with a strong sense [&hellip;]<\/p>\n","protected":false},"author":1,"featured_media":0,"parent":50,"menu_order":0,"comment_status":"closed","ping_status":"closed","template":"page-team-member.php","meta":{"_acf_changed":false,"footnotes":""},"class_list":["post-421","page","type-page","status-publish","hentry"],"acf":[],"yoast_head":"<!-- This site is optimized with the Yoast SEO plugin v27.2 - https:\/\/yoast.com\/product\/yoast-seo-wordpress\/ -->\n<title>Ren - \u014ctautahi Tattoo Queenstown Studio<\/title>\n<meta name=\"description\" content=\"Ren is leading Maori tattoo artist in Queenstown, specialising in Ta Moko, Kirituhi, and modern designs with subtle realism.\" \/>\n<meta name=\"robots\" content=\"index, follow, max-snippet:-1, max-image-preview:large, max-video-preview:-1\" \/>\n<link rel=\"canonical\" href=\"http:\/\/otautahitattoo.com\/queenstown\/our-team\/maori-tattoo-artist-queenstown\/\" \/>\n<meta property=\"og:locale\" content=\"en_US\" \/>\n<meta property=\"og:type\" content=\"article\" \/>\n<meta property=\"og:title\" content=\"Ren - \u014ctautahi Tattoo Queenstown Studio\" \/>\n<meta property=\"og:description\" content=\"Ren is leading Maori tattoo artist in Queenstown, specialising in Ta Moko, Kirituhi, and modern designs with subtle realism.\" \/>\n<meta property=\"og:url\" content=\"http:\/\/otautahitattoo.com\/queenstown\/our-team\/maori-tattoo-artist-queenstown\/\" \/>\n<meta property=\"og:site_name\" content=\"Otautahi Tattoo - Queenstown\" \/>\n<meta property=\"article:modified_time\" content=\"2025-07-31T01:16:09+00:00\" \/>\n<meta name=\"twitter:card\" content=\"summary_large_image\" \/>\n<meta name=\"twitter:label1\" content=\"Est. reading time\" \/>\n\t<meta name=\"twitter:data1\" content=\"1 minute\" \/>\n<script type=\"application\/ld+json\" class=\"yoast-schema-graph\">{\"@context\":\"https:\/\/schema.org\",\"@graph\":[{\"@type\":\"WebPage\",\"@id\":\"http:\/\/otautahitattoo.com\/queenstown\/our-team\/maori-tattoo-artist-queenstown\/\",\"url\":\"http:\/\/otautahitattoo.com\/queenstown\/our-team\/maori-tattoo-artist-queenstown\/\",\"name\":\"Ren - \u014ctautahi Tattoo Queenstown Studio\",\"isPartOf\":{\"@id\":\"http:\/\/otautahitattoo.com\/queenstown\/#website\"},\"datePublished\":\"2018-06-07T03:30:51+00:00\",\"dateModified\":\"2025-07-31T01:16:09+00:00\",\"description\":\"Ren is leading Maori tattoo artist in Queenstown, specialising in Ta Moko, Kirituhi, and modern designs with subtle realism.\",\"breadcrumb\":{\"@id\":\"http:\/\/otautahitattoo.com\/queenstown\/our-team\/maori-tattoo-artist-queenstown\/#breadcrumb\"},\"inLanguage\":\"en-US\",\"potentialAction\":[{\"@type\":\"ReadAction\",\"target\":[\"http:\/\/otautahitattoo.com\/queenstown\/our-team\/maori-tattoo-artist-queenstown\/\"]}]},{\"@type\":\"BreadcrumbList\",\"@id\":\"http:\/\/otautahitattoo.com\/queenstown\/our-team\/maori-tattoo-artist-queenstown\/#breadcrumb\",\"itemListElement\":[{\"@type\":\"ListItem\",\"position\":1,\"name\":\"Home\",\"item\":\"http:\/\/otautahitattoo.com\/queenstown\/\"},{\"@type\":\"ListItem\",\"position\":2,\"name\":\"Our Team\",\"item\":\"http:\/\/otautahitattoo.com\/queenstown\/our-team\/\"},{\"@type\":\"ListItem\",\"position\":3,\"name\":\"Ren\"}]},{\"@type\":\"WebSite\",\"@id\":\"http:\/\/otautahitattoo.com\/queenstown\/#website\",\"url\":\"http:\/\/otautahitattoo.com\/queenstown\/\",\"name\":\"Otautahi Tattoo - Queenstown\",\"description\":\"Just another My Blog site\",\"publisher\":{\"@id\":\"http:\/\/otautahitattoo.com\/queenstown\/#organization\"},\"potentialAction\":[{\"@type\":\"SearchAction\",\"target\":{\"@type\":\"EntryPoint\",\"urlTemplate\":\"http:\/\/otautahitattoo.com\/queenstown\/?s={search_term_string}\"},\"query-input\":{\"@type\":\"PropertyValueSpecification\",\"valueRequired\":true,\"valueName\":\"search_term_string\"}}],\"inLanguage\":\"en-US\"},{\"@type\":\"Organization\",\"@id\":\"http:\/\/otautahitattoo.com\/queenstown\/#organization\",\"name\":\"Otautahi Tattoo\",\"url\":\"http:\/\/otautahitattoo.com\/queenstown\/\",\"logo\":{\"@type\":\"ImageObject\",\"inLanguage\":\"en-US\",\"@id\":\"http:\/\/otautahitattoo.com\/queenstown\/#\/schema\/logo\/image\/\",\"url\":\"http:\/\/otautahitattoo.com\/queenstown\/wp-content\/uploads\/sites\/4\/2018\/06\/logo.png\",\"contentUrl\":\"http:\/\/otautahitattoo.com\/queenstown\/wp-content\/uploads\/sites\/4\/2018\/06\/logo.png\",\"width\":1227,\"height\":144,\"caption\":\"Otautahi Tattoo\"},\"image\":{\"@id\":\"http:\/\/otautahitattoo.com\/queenstown\/#\/schema\/logo\/image\/\"}}]}<\/script>\n<!-- \/ Yoast SEO plugin. -->","yoast_head_json":{"title":"Ren - \u014ctautahi Tattoo Queenstown Studio","description":"Ren is leading Maori tattoo artist in Queenstown, specialising in Ta Moko, Kirituhi, and modern designs with subtle realism.","robots":{"index":"index","follow":"follow","max-snippet":"max-snippet:-1","max-image-preview":"max-image-preview:large","max-video-preview":"max-video-preview:-1"},"canonical":"http:\/\/otautahitattoo.com\/queenstown\/our-team\/maori-tattoo-artist-queenstown\/","og_locale":"en_US","og_type":"article","og_title":"Ren - \u014ctautahi Tattoo Queenstown Studio","og_description":"Ren is leading Maori tattoo artist in Queenstown, specialising in Ta Moko, Kirituhi, and modern designs with subtle realism.","og_url":"http:\/\/otautahitattoo.com\/queenstown\/our-team\/maori-tattoo-artist-queenstown\/","og_site_name":"Otautahi Tattoo - Queenstown","article_modified_time":"2025-07-31T01:16:09+00:00","twitter_card":"summary_large_image","twitter_misc":{"Est. reading time":"1 minute"},"schema":{"@context":"https:\/\/schema.org","@graph":[{"@type":"WebPage","@id":"http:\/\/otautahitattoo.com\/queenstown\/our-team\/maori-tattoo-artist-queenstown\/","url":"http:\/\/otautahitattoo.com\/queenstown\/our-team\/maori-tattoo-artist-queenstown\/","name":"Ren - \u014ctautahi Tattoo Queenstown Studio","isPartOf":{"@id":"http:\/\/otautahitattoo.com\/queenstown\/#website"},"datePublished":"2018-06-07T03:30:51+00:00","dateModified":"2025-07-31T01:16:09+00:00","description":"Ren is leading Maori tattoo artist in Queenstown, specialising in Ta Moko, Kirituhi, and modern designs with subtle realism.","breadcrumb":{"@id":"http:\/\/otautahitattoo.com\/queenstown\/our-team\/maori-tattoo-artist-queenstown\/#breadcrumb"},"inLanguage":"en-US","potentialAction":[{"@type":"ReadAction","target":["http:\/\/otautahitattoo.com\/queenstown\/our-team\/maori-tattoo-artist-queenstown\/"]}]},{"@type":"BreadcrumbList","@id":"http:\/\/otautahitattoo.com\/queenstown\/our-team\/maori-tattoo-artist-queenstown\/#breadcrumb","itemListElement":[{"@type":"ListItem","position":1,"name":"Home","item":"http:\/\/otautahitattoo.com\/queenstown\/"},{"@type":"ListItem","position":2,"name":"Our Team","item":"http:\/\/otautahitattoo.com\/queenstown\/our-team\/"},{"@type":"ListItem","position":3,"name":"Ren"}]},{"@type":"WebSite","@id":"http:\/\/otautahitattoo.com\/queenstown\/#website","url":"http:\/\/otautahitattoo.com\/queenstown\/","name":"Otautahi Tattoo - Queenstown","description":"Just another My Blog site","publisher":{"@id":"http:\/\/otautahitattoo.com\/queenstown\/#organization"},"potentialAction":[{"@type":"SearchAction","target":{"@type":"EntryPoint","urlTemplate":"http:\/\/otautahitattoo.com\/queenstown\/?s={search_term_string}"},"query-input":{"@type":"PropertyValueSpecification","valueRequired":true,"valueName":"search_term_string"}}],"inLanguage":"en-US"},{"@type":"Organization","@id":"http:\/\/otautahitattoo.com\/queenstown\/#organization","name":"Otautahi Tattoo","url":"http:\/\/otautahitattoo.com\/queenstown\/","logo":{"@type":"ImageObject","inLanguage":"en-US","@id":"http:\/\/otautahitattoo.com\/queenstown\/#\/schema\/logo\/image\/","url":"http:\/\/otautahitattoo.com\/queenstown\/wp-content\/uploads\/sites\/4\/2018\/06\/logo.png","contentUrl":"http:\/\/otautahitattoo.com\/queenstown\/wp-content\/uploads\/sites\/4\/2018\/06\/logo.png","width":1227,"height":144,"caption":"Otautahi Tattoo"},"image":{"@id":"http:\/\/otautahitattoo.com\/queenstown\/#\/schema\/logo\/image\/"}}]}},"_links":{"self":[{"href":"https:\/\/otautahitattoo.com\/queenstown\/wp-json\/wp\/v2\/pages\/421","targetHints":{"allow":["GET"]}}],"collection":[{"href":"https:\/\/otautahitattoo.com\/queenstown\/wp-json\/wp\/v2\/pages"}],"about":[{"href":"https:\/\/otautahitattoo.com\/queenstown\/wp-json\/wp\/v2\/types\/page"}],"author":[{"embeddable":true,"href":"https:\/\/otautahitattoo.com\/queenstown\/wp-json\/wp\/v2\/users\/1"}],"replies":[{"embeddable":true,"href":"https:\/\/otautahitattoo.com\/queenstown\/wp-json\/wp\/v2\/comments?post=421"}],"version-history":[{"count":88,"href":"https:\/\/otautahitattoo.com\/queenstown\/wp-json\/wp\/v2\/pages\/421\/revisions"}],"predecessor-version":[{"id":28485,"href":"https:\/\/otautahitattoo.com\/queenstown\/wp-json\/wp\/v2\/pages\/421\/revisions\/28485"}],"up":[{"embeddable":true,"href":"https:\/\/otautahitattoo.com\/queenstown\/wp-json\/wp\/v2\/pages\/50"}],"wp:attachment":[{"href":"https:\/\/otautahitattoo.com\/queenstown\/wp-json\/wp\/v2\/media?parent=421"}],"curies":[{"name":"wp","href":"https:\/\/api.w.org\/{rel}","templated":true}]}}